{"id":4639,"date":"2024-01-27T14:27:52","date_gmt":"2024-01-27T20:27:52","guid":{"rendered":"https:\/\/sporttravel.mx\/?page_id=4639"},"modified":"2024-01-27T14:37:03","modified_gmt":"2024-01-27T20:37:03","slug":"nosotros","status":"publish","type":"page","link":"https:\/\/sporttravel.mx\/index.php\/nosotros\/","title":{"rendered":"Nosotros"},"content":{"rendered":"\n<p>Nosotros nos enorgullecemos en presentarles nuestra amplia experiencia de 12 a\u00f1os llevando a trav\u00e9s del mundo a los amantes del deporte a los eventos m\u00e1s emocionantes y prestigiosos. Hemos sido testigos de los momentos m\u00e1s intensos en el f\u00fatbol mundial, acompa\u00f1ando a nuestros clientes a los \u00faltimos tres Mundiales en Rusia, Qatar y Brasil.<\/p>\n\n\n\n<p>Adem\u00e1s, hemos proporcionado a nuestros viajeros la oportunidad de presenciar las finales y partidos de la Champions League, as\u00ed como los emocionantes encuentros de la Conmebol y Concacaf. <\/p>\n\n\n\n<p>Nuestros paquetes tambi\u00e9n incluyen la F\u00f3rmula 1 en Estados Unidos, asegurando una experiencia inolvidable para los fan\u00e1ticos de las carreras de autos.<\/p>\n\n\n\n<p>Pero eso no es todo. Nosotros tambi\u00e9n ofrecemos la venta de boletos para los partidos del Real Madrid y Barcelona, dos de los equipos m\u00e1s grandes y populares del f\u00fatbol mundial. <\/p>\n\n\n\n<p>Tendr\u00e1s la posibilidad de vivir en primera persona la pasi\u00f3n y la emoci\u00f3n que se vive en el estadio. No importa si eres un seguidor del f\u00fatbol o un entusiasta de los deportes en general, en Sport Travel tenemos la oportunidad perfecta para ti.<\/p>\n\n\n\n<p>No te pierdas la oportunidad de acompa\u00f1arnos en esta incre\u00edble aventura deportiva. Perm\u00edtenos hacer de tus viajes una experiencia \u00fanica y memorable.<\/p>\n","protected":false},"excerpt":{"rendered":"<p>Nosotros nos enorgullecemos en presentarles nuestra amplia experiencia de 12 a\u00f1os llevando a trav\u00e9s del mundo a los amantes del deporte a los eventos m\u00e1s emocionantes y prestigiosos. Hemos sido testigos de los momentos m\u00e1s intensos en el f\u00fatbol mundial, acompa\u00f1ando a nuestros clientes a los \u00faltimos tres Mundiales en Rusia, Qatar y Brasil. Adem\u00e1s, hemos proporcionado a nuestros viajeros la oportunidad de presenciar las finales y partidos de la Champions League, as\u00ed como los emocionantes encuentros de la Conmebol y Concacaf. Nuestros paquetes tambi\u00e9n incluyen la F\u00f3rmula 1 en Estados Unidos, asegurando una experiencia inolvidable para los fan\u00e1ticos de las carreras de autos. Pero eso no es todo. Nosotros tambi\u00e9n ofrecemos la venta de boletos para los partidos del Real Madrid y Barcelona, dos de los equipos m\u00e1s grandes y populares del f\u00fatbol mundial. Tendr\u00e1s la posibilidad de vivir en primera persona la pasi\u00f3n y la emoci\u00f3n que se vive en el estadio. No importa si eres un seguidor del f\u00fatbol o un entusiasta de los deportes en general, en Sport Travel tenemos la oportunidad perfecta para ti. No te pierdas la oportunidad de acompa\u00f1arnos en esta incre\u00edble aventura deportiva. Perm\u00edtenos hacer de tus viajes una experiencia \u00fanica y memorable.<\/p>\n","protected":false},"author":1,"featured_media":0,"parent":0,"menu_order":0,"comment_status":"closed","ping_status":"closed","template":"","meta":{"_joinchat":[],"footnotes":""},"class_list":["post-4639","page","type-page","status-publish","hentry"],"aioseo_notices":[],"_links":{"self":[{"href":"https:\/\/sporttravel.mx\/index.php\/wp-json\/wp\/v2\/pages\/4639"}],"collection":[{"href":"https:\/\/sporttravel.mx\/index.php\/wp-json\/wp\/v2\/pages"}],"about":[{"href":"https:\/\/sporttravel.mx\/index.php\/wp-json\/wp\/v2\/types\/page"}],"author":[{"embeddable":true,"href":"https:\/\/sporttravel.mx\/index.php\/wp-json\/wp\/v2\/users\/1"}],"replies":[{"embeddable":true,"href":"https:\/\/sporttravel.mx\/index.php\/wp-json\/wp\/v2\/comments?post=4639"}],"version-history":[{"count":10,"href":"https:\/\/sporttravel.mx\/index.php\/wp-json\/wp\/v2\/pages\/4639\/revisions"}],"predecessor-version":[{"id":4650,"href":"https:\/\/sporttravel.mx\/index.php\/wp-json\/wp\/v2\/pages\/4639\/revisions\/4650"}],"wp:attachment":[{"href":"https:\/\/sporttravel.mx\/index.php\/wp-json\/wp\/v2\/media?parent=4639"}],"curies":[{"name":"wp","href":"https:\/\/api.w.org\/{rel}","templated":true}]}}